{"id":3607,"date":"2025-09-10T14:08:38","date_gmt":"2025-09-10T13:08:38","guid":{"rendered":"https:\/\/betontrowel.com\/product\/btcs10ee-10-inch-early-cutting-saw\/"},"modified":"2026-02-16T17:31:32","modified_gmt":"2026-02-16T16:31:32","slug":"btcs10ee-10-inch-early-cutting-saw","status":"publish","type":"product","link":"https:\/\/www.betontrowel.com\/fr\/product\/btcs10ee-10-inch-early-cutting-saw\/","title":{"rendered":"BTCS10EE 10 SCIE A SOL D\u00e9COUpe B\u00e9ton Pr\u00e9coce"},"content":{"rendered":"<ul>\n<li>Levier de d\u00e9blocage du guide sur la poign\u00e9e pour un guidage facile et pr\u00e9cis de la coupe<\/li>\n<li>Le levier de direction situ\u00e9 sur la poign\u00e9e se connecte au syst\u00e8me d&rsquo;autopropulsion, ce qui permet une man\u0153uvre sans effort.<\/li>\n<li>Syst\u00e8me de contr\u00f4le \u00e9lectronique de la profondeur avec un indicateur de profondeur clair pour des profondeurs de coupe pr\u00e9cises et constantes<\/li>\n<li>Le couvercle ferm\u00e9 de la lame r\u00e9duit efficacement la diffusion de la poussi\u00e8re, garantissant un environnement de travail plus propre et plus s\u00fbr.<\/li>\n<li>Moteur \u00e0 d\u00e9marrage \u00e9lectrique et techo-m\u00e8tre disponibles pour un fonctionnement pratique et fiable<\/li>\n<li>Filtre \u00e0 air cyclonique inclus de s\u00e9rie pour am\u00e9liorer les performances et la long\u00e9vit\u00e9 du moteur<\/li>\n<li>La fonction de freinage au pied emp\u00eache les roues de rouler de mani\u00e8re incontr\u00f4l\u00e9e, ce qui garantit la s\u00e9curit\u00e9 de l&rsquo;op\u00e9rateur.<\/li>\n<li>Orifice d&rsquo;aspiration sur le couvercle de la lame (en option) pour une extraction efficace de la poussi\u00e8re et une zone de travail plus propre<\/li>\n<\/ul>\n<table style=\"border-collapse: collapse;\">\n<tbody>\n<tr>\n<td><strong>MOD\u00c8LE<\/strong><\/td>\n<td>BT CS10EE<\/td>\n<\/tr>\n<tr>\n<td><strong>DIMENSIONS<\/strong><\/td>\n<td>1480x665x1100 mm<\/td>\n<\/tr>\n<tr>\n<td><strong>POIDS<\/strong><\/td>\n<td>163 KG<\/td>\n<\/tr>\n<tr>\n<td><strong>TAILLE DE LA LAME<\/strong><\/td>\n<td>254 mm<\/td>\n<\/tr>\n<tr>\n<td><strong>MAX. PROFONDEUR DE COUPE <\/strong><\/td>\n<td>38 mm<\/td>\n<\/tr>\n<tr>\n<td><strong>AJUSTEMENT DU DEPT<\/strong><\/td>\n<td>Contr\u00f4le \u00e9lectrique<\/td>\n<\/tr>\n<tr>\n<td><strong>PROPULSEUR AUTONOME<\/strong><\/td>\n<td>Oui<\/td>\n<\/tr>\n<tr>\n<td><strong>LIB\u00c9RATION DU GUIDE<\/strong><\/td>\n<td>Levier<\/td>\n<\/tr>\n<tr>\n<td><strong>MOTEUR<\/strong><\/td>\n<td>Filtre \u00e0 air cyclonique Honda Gx270<\/td>\n<\/tr>\n<tr>\n<td><strong>PUISSANCE DE SORTIE<\/strong><\/td>\n<td>6,5 kw (9HP)<\/td>\n<\/tr>\n<\/tbody>\n<\/table>\n<p>&nbsp;<\/p>\n<p>&nbsp;<\/p>\n<p>&nbsp;<\/p>\n","protected":false},"excerpt":{"rendered":"<p>Levier de d\u00e9blocage du guide sur la poign\u00e9e pour un guidage facile et pr\u00e9cis de la coupe Le levier de direction situ\u00e9 sur la poign\u00e9e se connecte au syst\u00e8me d&rsquo;autopropulsion, ce qui permet une man\u0153uvre sans effort. Syst\u00e8me de contr\u00f4le \u00e9lectronique de la profondeur avec un indicateur de profondeur clair pour des profondeurs de coupe [&hellip;]<\/p>\n","protected":false},"featured_media":2307,"template":"","meta":[],"product_brand":[],"product_cat":[156,120],"product_tag":[],"class_list":{"0":"post-3607","1":"product","2":"type-product","3":"status-publish","4":"has-post-thumbnail","6":"product_cat-scies-a-parquet","7":"product_cat-vibrations","9":"first","10":"instock","11":"shipping-taxable","12":"product-type-simple"},"yoast_head":"<!-- This site is optimized with the Yoast SEO plugin v27.0 - https:\/\/yoast.com\/product\/yoast-seo-wordpress\/ -->\n<title>BTCS10EE 10 SCIE A SOL D\u00e9COUpe B\u00e9ton Pr\u00e9coce - BetonTrowel<\/title>\n<meta name=\"robots\" content=\"index, follow, max-snippet:-1, max-image-preview:large, max-video-preview:-1\" \/>\n<link rel=\"canonical\" href=\"https:\/\/www.betontrowel.com\/fr\/product\/btcs10ee-10-inch-early-cutting-saw\/\" \/>\n<meta property=\"og:locale\" content=\"fr_FR\" \/>\n<meta property=\"og:type\" content=\"article\" \/>\n<meta property=\"og:title\" content=\"BTCS10EE 10 SCIE A SOL D\u00e9COUpe B\u00e9ton Pr\u00e9coce - BetonTrowel\" \/>\n<meta property=\"og:description\" content=\"Levier de d\u00e9blocage du guide sur la poign\u00e9e pour un guidage facile et pr\u00e9cis de la coupe Le levier de direction situ\u00e9 sur la poign\u00e9e se connecte au syst\u00e8me d&rsquo;autopropulsion, ce qui permet une man\u0153uvre sans effort. Syst\u00e8me de contr\u00f4le \u00e9lectronique de la profondeur avec un indicateur de profondeur clair pour des profondeurs de coupe [&hellip;]\" \/>\n<meta property=\"og:url\" content=\"https:\/\/www.betontrowel.com\/fr\/product\/btcs10ee-10-inch-early-cutting-saw\/\" \/>\n<meta property=\"og:site_name\" content=\"BetonTrowel\" \/>\n<meta property=\"article:modified_time\" content=\"2026-02-16T16:31:32+00:00\" \/>\n<meta property=\"og:image\" content=\"https:\/\/www.betontrowel.com\/wp-content\/uploads\/2025\/09\/BTCS10EE.png\" \/>\n\t<meta property=\"og:image:width\" content=\"2016\" \/>\n\t<meta property=\"og:image:height\" content=\"1512\" \/>\n\t<meta property=\"og:image:type\" content=\"image\/png\" \/>\n<meta name=\"twitter:card\" content=\"summary_large_image\" \/>\n<meta name=\"twitter:label1\" content=\"Dur\u00e9e de lecture estim\u00e9e\" \/>\n\t<meta name=\"twitter:data1\" content=\"2 minutes\" \/>\n<script type=\"application\/ld+json\" class=\"yoast-schema-graph\">{\"@context\":\"https:\/\/schema.org\",\"@graph\":[{\"@type\":\"WebPage\",\"@id\":\"https:\/\/www.betontrowel.com\/fr\/product\/btcs10ee-10-inch-early-cutting-saw\/\",\"url\":\"https:\/\/www.betontrowel.com\/fr\/product\/btcs10ee-10-inch-early-cutting-saw\/\",\"name\":\"BTCS10EE 10 SCIE A SOL D\u00e9COUpe B\u00e9ton Pr\u00e9coce - BetonTrowel\",\"isPartOf\":{\"@id\":\"https:\/\/www.betontrowel.com\/fr\/#website\"},\"primaryImageOfPage\":{\"@id\":\"https:\/\/www.betontrowel.com\/fr\/product\/btcs10ee-10-inch-early-cutting-saw\/#primaryimage\"},\"image\":{\"@id\":\"https:\/\/www.betontrowel.com\/fr\/product\/btcs10ee-10-inch-early-cutting-saw\/#primaryimage\"},\"thumbnailUrl\":\"https:\/\/www.betontrowel.com\/wp-content\/uploads\/2025\/09\/BTCS10EE.png\",\"datePublished\":\"2025-09-10T13:08:38+00:00\",\"dateModified\":\"2026-02-16T16:31:32+00:00\",\"breadcrumb\":{\"@id\":\"https:\/\/www.betontrowel.com\/fr\/product\/btcs10ee-10-inch-early-cutting-saw\/#breadcrumb\"},\"inLanguage\":\"fr-FR\",\"potentialAction\":[{\"@type\":\"ReadAction\",\"target\":[\"https:\/\/www.betontrowel.com\/fr\/product\/btcs10ee-10-inch-early-cutting-saw\/\"]}]},{\"@type\":\"ImageObject\",\"inLanguage\":\"fr-FR\",\"@id\":\"https:\/\/www.betontrowel.com\/fr\/product\/btcs10ee-10-inch-early-cutting-saw\/#primaryimage\",\"url\":\"https:\/\/www.betontrowel.com\/wp-content\/uploads\/2025\/09\/BTCS10EE.png\",\"contentUrl\":\"https:\/\/www.betontrowel.com\/wp-content\/uploads\/2025\/09\/BTCS10EE.png\",\"width\":2016,\"height\":1512,\"caption\":\"BTCS10EE\"},{\"@type\":\"BreadcrumbList\",\"@id\":\"https:\/\/www.betontrowel.com\/fr\/product\/btcs10ee-10-inch-early-cutting-saw\/#breadcrumb\",\"itemListElement\":[{\"@type\":\"ListItem\",\"position\":1,\"name\":\"Home\",\"item\":\"https:\/\/www.betontrowel.com\/fr\/home\/\"},{\"@type\":\"ListItem\",\"position\":2,\"name\":\"Boutique\",\"item\":\"https:\/\/www.betontrowel.com\/fr\/boutique\/\"},{\"@type\":\"ListItem\",\"position\":3,\"name\":\"BTCS10EE 10 SCIE A SOL D\u00e9COUpe B\u00e9ton Pr\u00e9coce\"}]},{\"@type\":\"WebSite\",\"@id\":\"https:\/\/www.betontrowel.com\/fr\/#website\",\"url\":\"https:\/\/www.betontrowel.com\/fr\/\",\"name\":\"BetonTrowel\",\"description\":\"\",\"publisher\":{\"@id\":\"https:\/\/www.betontrowel.com\/fr\/#organization\"},\"potentialAction\":[{\"@type\":\"SearchAction\",\"target\":{\"@type\":\"EntryPoint\",\"urlTemplate\":\"https:\/\/www.betontrowel.com\/fr\/?s={search_term_string}\"},\"query-input\":{\"@type\":\"PropertyValueSpecification\",\"valueRequired\":true,\"valueName\":\"search_term_string\"}}],\"inLanguage\":\"fr-FR\"},{\"@type\":\"Organization\",\"@id\":\"https:\/\/www.betontrowel.com\/fr\/#organization\",\"name\":\"BetonTrowel\",\"url\":\"https:\/\/www.betontrowel.com\/fr\/\",\"logo\":{\"@type\":\"ImageObject\",\"inLanguage\":\"fr-FR\",\"@id\":\"https:\/\/www.betontrowel.com\/fr\/#\/schema\/logo\/image\/\",\"url\":\"https:\/\/www.betontrowel.com\/wp-content\/uploads\/2022\/07\/Logo-BetonTrowel.png\",\"contentUrl\":\"https:\/\/www.betontrowel.com\/wp-content\/uploads\/2022\/07\/Logo-BetonTrowel.png\",\"width\":260,\"height\":58,\"caption\":\"BetonTrowel\"},\"image\":{\"@id\":\"https:\/\/www.betontrowel.com\/fr\/#\/schema\/logo\/image\/\"}}]}<\/script>\n<!-- \/ Yoast SEO plugin. -->","yoast_head_json":{"title":"BTCS10EE 10 SCIE A SOL D\u00e9COUpe B\u00e9ton Pr\u00e9coce - BetonTrowel","robots":{"index":"index","follow":"follow","max-snippet":"max-snippet:-1","max-image-preview":"max-image-preview:large","max-video-preview":"max-video-preview:-1"},"canonical":"https:\/\/www.betontrowel.com\/fr\/product\/btcs10ee-10-inch-early-cutting-saw\/","og_locale":"fr_FR","og_type":"article","og_title":"BTCS10EE 10 SCIE A SOL D\u00e9COUpe B\u00e9ton Pr\u00e9coce - BetonTrowel","og_description":"Levier de d\u00e9blocage du guide sur la poign\u00e9e pour un guidage facile et pr\u00e9cis de la coupe Le levier de direction situ\u00e9 sur la poign\u00e9e se connecte au syst\u00e8me d&rsquo;autopropulsion, ce qui permet une man\u0153uvre sans effort. Syst\u00e8me de contr\u00f4le \u00e9lectronique de la profondeur avec un indicateur de profondeur clair pour des profondeurs de coupe [&hellip;]","og_url":"https:\/\/www.betontrowel.com\/fr\/product\/btcs10ee-10-inch-early-cutting-saw\/","og_site_name":"BetonTrowel","article_modified_time":"2026-02-16T16:31:32+00:00","og_image":[{"width":2016,"height":1512,"url":"https:\/\/www.betontrowel.com\/wp-content\/uploads\/2025\/09\/BTCS10EE.png","type":"image\/png"}],"twitter_card":"summary_large_image","twitter_misc":{"Dur\u00e9e de lecture estim\u00e9e":"2 minutes"},"schema":{"@context":"https:\/\/schema.org","@graph":[{"@type":"WebPage","@id":"https:\/\/www.betontrowel.com\/fr\/product\/btcs10ee-10-inch-early-cutting-saw\/","url":"https:\/\/www.betontrowel.com\/fr\/product\/btcs10ee-10-inch-early-cutting-saw\/","name":"BTCS10EE 10 SCIE A SOL D\u00e9COUpe B\u00e9ton Pr\u00e9coce - BetonTrowel","isPartOf":{"@id":"https:\/\/www.betontrowel.com\/fr\/#website"},"primaryImageOfPage":{"@id":"https:\/\/www.betontrowel.com\/fr\/product\/btcs10ee-10-inch-early-cutting-saw\/#primaryimage"},"image":{"@id":"https:\/\/www.betontrowel.com\/fr\/product\/btcs10ee-10-inch-early-cutting-saw\/#primaryimage"},"thumbnailUrl":"https:\/\/www.betontrowel.com\/wp-content\/uploads\/2025\/09\/BTCS10EE.png","datePublished":"2025-09-10T13:08:38+00:00","dateModified":"2026-02-16T16:31:32+00:00","breadcrumb":{"@id":"https:\/\/www.betontrowel.com\/fr\/product\/btcs10ee-10-inch-early-cutting-saw\/#breadcrumb"},"inLanguage":"fr-FR","potentialAction":[{"@type":"ReadAction","target":["https:\/\/www.betontrowel.com\/fr\/product\/btcs10ee-10-inch-early-cutting-saw\/"]}]},{"@type":"ImageObject","inLanguage":"fr-FR","@id":"https:\/\/www.betontrowel.com\/fr\/product\/btcs10ee-10-inch-early-cutting-saw\/#primaryimage","url":"https:\/\/www.betontrowel.com\/wp-content\/uploads\/2025\/09\/BTCS10EE.png","contentUrl":"https:\/\/www.betontrowel.com\/wp-content\/uploads\/2025\/09\/BTCS10EE.png","width":2016,"height":1512,"caption":"BTCS10EE"},{"@type":"BreadcrumbList","@id":"https:\/\/www.betontrowel.com\/fr\/product\/btcs10ee-10-inch-early-cutting-saw\/#breadcrumb","itemListElement":[{"@type":"ListItem","position":1,"name":"Home","item":"https:\/\/www.betontrowel.com\/fr\/home\/"},{"@type":"ListItem","position":2,"name":"Boutique","item":"https:\/\/www.betontrowel.com\/fr\/boutique\/"},{"@type":"ListItem","position":3,"name":"BTCS10EE 10 SCIE A SOL D\u00e9COUpe B\u00e9ton Pr\u00e9coce"}]},{"@type":"WebSite","@id":"https:\/\/www.betontrowel.com\/fr\/#website","url":"https:\/\/www.betontrowel.com\/fr\/","name":"BetonTrowel","description":"","publisher":{"@id":"https:\/\/www.betontrowel.com\/fr\/#organization"},"potentialAction":[{"@type":"SearchAction","target":{"@type":"EntryPoint","urlTemplate":"https:\/\/www.betontrowel.com\/fr\/?s={search_term_string}"},"query-input":{"@type":"PropertyValueSpecification","valueRequired":true,"valueName":"search_term_string"}}],"inLanguage":"fr-FR"},{"@type":"Organization","@id":"https:\/\/www.betontrowel.com\/fr\/#organization","name":"BetonTrowel","url":"https:\/\/www.betontrowel.com\/fr\/","logo":{"@type":"ImageObject","inLanguage":"fr-FR","@id":"https:\/\/www.betontrowel.com\/fr\/#\/schema\/logo\/image\/","url":"https:\/\/www.betontrowel.com\/wp-content\/uploads\/2022\/07\/Logo-BetonTrowel.png","contentUrl":"https:\/\/www.betontrowel.com\/wp-content\/uploads\/2022\/07\/Logo-BetonTrowel.png","width":260,"height":58,"caption":"BetonTrowel"},"image":{"@id":"https:\/\/www.betontrowel.com\/fr\/#\/schema\/logo\/image\/"}}]}},"_links":{"self":[{"href":"https:\/\/www.betontrowel.com\/fr\/wp-json\/wp\/v2\/product\/3607","targetHints":{"allow":["GET"]}}],"collection":[{"href":"https:\/\/www.betontrowel.com\/fr\/wp-json\/wp\/v2\/product"}],"about":[{"href":"https:\/\/www.betontrowel.com\/fr\/wp-json\/wp\/v2\/types\/product"}],"wp:featuredmedia":[{"embeddable":true,"href":"https:\/\/www.betontrowel.com\/fr\/wp-json\/wp\/v2\/media\/2307"}],"wp:attachment":[{"href":"https:\/\/www.betontrowel.com\/fr\/wp-json\/wp\/v2\/media?parent=3607"}],"wp:term":[{"taxonomy":"product_brand","embeddable":true,"href":"https:\/\/www.betontrowel.com\/fr\/wp-json\/wp\/v2\/product_brand?post=3607"},{"taxonomy":"product_cat","embeddable":true,"href":"https:\/\/www.betontrowel.com\/fr\/wp-json\/wp\/v2\/product_cat?post=3607"},{"taxonomy":"product_tag","embeddable":true,"href":"https:\/\/www.betontrowel.com\/fr\/wp-json\/wp\/v2\/product_tag?post=3607"}],"curies":[{"name":"wp","href":"https:\/\/api.w.org\/{rel}","templated":true}]}}