{"id":3553,"date":"2025-08-08T09:51:21","date_gmt":"2025-08-08T08:51:21","guid":{"rendered":"https:\/\/betontrowel.com\/product\/flotteurs-manuels-en-magnesium-a-extremite-carree-et-biseautee\/"},"modified":"2026-01-28T15:45:40","modified_gmt":"2026-01-28T14:45:40","slug":"flotteurs-manuels-en-magnesium-a-extremite-carree-et-biseautee","status":"publish","type":"product","link":"https:\/\/www.betontrowel.com\/fr\/product\/flotteurs-manuels-en-magnesium-a-extremite-carree-et-biseautee\/","title":{"rendered":"Lissueses manuels en magn\u00e9sium \u00e0 extr\u00e9mit\u00e9 carr\u00e9e et biseaut\u00e9e"},"content":{"rendered":"<p><iframe title=\"Flotteur manuel en magn\u00e9sium\" src=\"\/\/www.youtube.com\/embed\/ATG4CSB46_k?rel=0\" width=\"560\" height=\"316\" frameborder=\"0\" allowfullscreen=\"allowfullscreen\"><\/iframe><\/p>\n<ul>\n<li>Extrusion de magn\u00e9sium dur, durable et l\u00e9ger<\/li>\n<li>La poign\u00e9e confortable est positionn\u00e9e pour un \u00e9quilibre parfait<\/li>\n<li>Particuli\u00e8rement recommand\u00e9 pour l&rsquo;utilisation de b\u00e9ton contenant de l&rsquo;air.<\/li>\n<li>Cette taloche manuelle en magn\u00e9sium produit une finition plus lisse que le bois.<\/li>\n<li>Aide \u00e0 pr\u00e9parer la surface pour la finition \u00e0 la truelle &#8211; pousse les agr\u00e9gats vers le bas<\/li>\n<li>Remonte les mat\u00e9riaux fins pour fermer la surface<\/li>\n<\/ul>\n<table style=\"border-collapse: collapse;\">\n<tbody>\n<tr>\n<td><strong>N\u00b0 de pi\u00e8ce<\/strong><\/td>\n<td><strong>Taille mm<\/strong><\/td>\n<\/tr>\n<tr>\n<td>BTMF16<\/td>\n<td>406 x 80 flotteur manuel<\/td>\n<\/tr>\n<tr>\n<td>BTMF20<\/td>\n<td>508 x 80 flotteur manuel<\/td>\n<\/tr>\n<tr>\n<td>BTMF30<\/td>\n<td>762 x 80 flotteur manuel<\/td>\n<\/tr>\n<\/tbody>\n<\/table>\n","protected":false},"excerpt":{"rendered":"<p>Extrusion de magn\u00e9sium dur, durable et l\u00e9ger La poign\u00e9e confortable est positionn\u00e9e pour un \u00e9quilibre parfait Particuli\u00e8rement recommand\u00e9 pour l&rsquo;utilisation de b\u00e9ton contenant de l&rsquo;air. Cette taloche manuelle en magn\u00e9sium produit une finition plus lisse que le bois. Aide \u00e0 pr\u00e9parer la surface pour la finition \u00e0 la truelle &#8211; pousse les agr\u00e9gats vers le [&hellip;]<\/p>\n","protected":false},"featured_media":2059,"template":"","meta":[],"product_brand":[],"product_cat":[171,150],"product_tag":[],"class_list":{"0":"post-3553","1":"product","2":"type-product","3":"status-publish","4":"has-post-thumbnail","6":"product_cat-outils-a-main","7":"product_cat-outils-en-beton","9":"first","10":"instock","11":"shipping-taxable","12":"product-type-simple"},"yoast_head":"<!-- This site is optimized with the Yoast SEO plugin v27.0 - https:\/\/yoast.com\/product\/yoast-seo-wordpress\/ -->\n<title>Lissueses manuels en magn\u00e9sium \u00e0 extr\u00e9mit\u00e9 carr\u00e9e et biseaut\u00e9e - BetonTrowel<\/title>\n<meta name=\"robots\" content=\"index, follow, max-snippet:-1, max-image-preview:large, max-video-preview:-1\" \/>\n<link rel=\"canonical\" href=\"https:\/\/www.betontrowel.com\/fr\/product\/flotteurs-manuels-en-magnesium-a-extremite-carree-et-biseautee\/\" \/>\n<meta property=\"og:locale\" content=\"fr_FR\" \/>\n<meta property=\"og:type\" content=\"article\" \/>\n<meta property=\"og:title\" content=\"Lissueses manuels en magn\u00e9sium \u00e0 extr\u00e9mit\u00e9 carr\u00e9e et biseaut\u00e9e - BetonTrowel\" \/>\n<meta property=\"og:description\" content=\"Extrusion de magn\u00e9sium dur, durable et l\u00e9ger La poign\u00e9e confortable est positionn\u00e9e pour un \u00e9quilibre parfait Particuli\u00e8rement recommand\u00e9 pour l&rsquo;utilisation de b\u00e9ton contenant de l&rsquo;air. Cette taloche manuelle en magn\u00e9sium produit une finition plus lisse que le bois. Aide \u00e0 pr\u00e9parer la surface pour la finition \u00e0 la truelle &#8211; pousse les agr\u00e9gats vers le [&hellip;]\" \/>\n<meta property=\"og:url\" content=\"https:\/\/www.betontrowel.com\/fr\/product\/flotteurs-manuels-en-magnesium-a-extremite-carree-et-biseautee\/\" \/>\n<meta property=\"og:site_name\" content=\"BetonTrowel\" \/>\n<meta property=\"article:modified_time\" content=\"2026-01-28T14:45:40+00:00\" \/>\n<meta property=\"og:image\" content=\"https:\/\/www.betontrowel.com\/wp-content\/uploads\/2025\/08\/DSC_3500-scaled.jpg\" \/>\n\t<meta property=\"og:image:width\" content=\"2560\" \/>\n\t<meta property=\"og:image:height\" content=\"1703\" \/>\n\t<meta property=\"og:image:type\" content=\"image\/jpeg\" \/>\n<meta name=\"twitter:card\" content=\"summary_large_image\" \/>\n<meta name=\"twitter:label1\" content=\"Dur\u00e9e de lecture estim\u00e9e\" \/>\n\t<meta name=\"twitter:data1\" content=\"1 minute\" \/>\n<script type=\"application\/ld+json\" class=\"yoast-schema-graph\">{\"@context\":\"https:\/\/schema.org\",\"@graph\":[{\"@type\":\"WebPage\",\"@id\":\"https:\/\/www.betontrowel.com\/fr\/product\/flotteurs-manuels-en-magnesium-a-extremite-carree-et-biseautee\/\",\"url\":\"https:\/\/www.betontrowel.com\/fr\/product\/flotteurs-manuels-en-magnesium-a-extremite-carree-et-biseautee\/\",\"name\":\"Lissueses manuels en magn\u00e9sium \u00e0 extr\u00e9mit\u00e9 carr\u00e9e et biseaut\u00e9e - BetonTrowel\",\"isPartOf\":{\"@id\":\"https:\/\/www.betontrowel.com\/fr\/#website\"},\"primaryImageOfPage\":{\"@id\":\"https:\/\/www.betontrowel.com\/fr\/product\/flotteurs-manuels-en-magnesium-a-extremite-carree-et-biseautee\/#primaryimage\"},\"image\":{\"@id\":\"https:\/\/www.betontrowel.com\/fr\/product\/flotteurs-manuels-en-magnesium-a-extremite-carree-et-biseautee\/#primaryimage\"},\"thumbnailUrl\":\"https:\/\/www.betontrowel.com\/wp-content\/uploads\/2025\/08\/DSC_3500-scaled.jpg\",\"datePublished\":\"2025-08-08T08:51:21+00:00\",\"dateModified\":\"2026-01-28T14:45:40+00:00\",\"breadcrumb\":{\"@id\":\"https:\/\/www.betontrowel.com\/fr\/product\/flotteurs-manuels-en-magnesium-a-extremite-carree-et-biseautee\/#breadcrumb\"},\"inLanguage\":\"fr-FR\",\"potentialAction\":[{\"@type\":\"ReadAction\",\"target\":[\"https:\/\/www.betontrowel.com\/fr\/product\/flotteurs-manuels-en-magnesium-a-extremite-carree-et-biseautee\/\"]}]},{\"@type\":\"ImageObject\",\"inLanguage\":\"fr-FR\",\"@id\":\"https:\/\/www.betontrowel.com\/fr\/product\/flotteurs-manuels-en-magnesium-a-extremite-carree-et-biseautee\/#primaryimage\",\"url\":\"https:\/\/www.betontrowel.com\/wp-content\/uploads\/2025\/08\/DSC_3500-scaled.jpg\",\"contentUrl\":\"https:\/\/www.betontrowel.com\/wp-content\/uploads\/2025\/08\/DSC_3500-scaled.jpg\",\"width\":2560,\"height\":1703},{\"@type\":\"BreadcrumbList\",\"@id\":\"https:\/\/www.betontrowel.com\/fr\/product\/flotteurs-manuels-en-magnesium-a-extremite-carree-et-biseautee\/#breadcrumb\",\"itemListElement\":[{\"@type\":\"ListItem\",\"position\":1,\"name\":\"Home\",\"item\":\"https:\/\/www.betontrowel.com\/fr\/home\/\"},{\"@type\":\"ListItem\",\"position\":2,\"name\":\"Boutique\",\"item\":\"https:\/\/www.betontrowel.com\/fr\/boutique\/\"},{\"@type\":\"ListItem\",\"position\":3,\"name\":\"Lissueses manuels en magn\u00e9sium \u00e0 extr\u00e9mit\u00e9 carr\u00e9e et biseaut\u00e9e\"}]},{\"@type\":\"WebSite\",\"@id\":\"https:\/\/www.betontrowel.com\/fr\/#website\",\"url\":\"https:\/\/www.betontrowel.com\/fr\/\",\"name\":\"BetonTrowel\",\"description\":\"\",\"publisher\":{\"@id\":\"https:\/\/www.betontrowel.com\/fr\/#organization\"},\"potentialAction\":[{\"@type\":\"SearchAction\",\"target\":{\"@type\":\"EntryPoint\",\"urlTemplate\":\"https:\/\/www.betontrowel.com\/fr\/?s={search_term_string}\"},\"query-input\":{\"@type\":\"PropertyValueSpecification\",\"valueRequired\":true,\"valueName\":\"search_term_string\"}}],\"inLanguage\":\"fr-FR\"},{\"@type\":\"Organization\",\"@id\":\"https:\/\/www.betontrowel.com\/fr\/#organization\",\"name\":\"BetonTrowel\",\"url\":\"https:\/\/www.betontrowel.com\/fr\/\",\"logo\":{\"@type\":\"ImageObject\",\"inLanguage\":\"fr-FR\",\"@id\":\"https:\/\/www.betontrowel.com\/fr\/#\/schema\/logo\/image\/\",\"url\":\"https:\/\/www.betontrowel.com\/wp-content\/uploads\/2022\/07\/Logo-BetonTrowel.png\",\"contentUrl\":\"https:\/\/www.betontrowel.com\/wp-content\/uploads\/2022\/07\/Logo-BetonTrowel.png\",\"width\":260,\"height\":58,\"caption\":\"BetonTrowel\"},\"image\":{\"@id\":\"https:\/\/www.betontrowel.com\/fr\/#\/schema\/logo\/image\/\"}}]}<\/script>\n<!-- \/ Yoast SEO plugin. -->","yoast_head_json":{"title":"Lissueses manuels en magn\u00e9sium \u00e0 extr\u00e9mit\u00e9 carr\u00e9e et biseaut\u00e9e - BetonTrowel","robots":{"index":"index","follow":"follow","max-snippet":"max-snippet:-1","max-image-preview":"max-image-preview:large","max-video-preview":"max-video-preview:-1"},"canonical":"https:\/\/www.betontrowel.com\/fr\/product\/flotteurs-manuels-en-magnesium-a-extremite-carree-et-biseautee\/","og_locale":"fr_FR","og_type":"article","og_title":"Lissueses manuels en magn\u00e9sium \u00e0 extr\u00e9mit\u00e9 carr\u00e9e et biseaut\u00e9e - BetonTrowel","og_description":"Extrusion de magn\u00e9sium dur, durable et l\u00e9ger La poign\u00e9e confortable est positionn\u00e9e pour un \u00e9quilibre parfait Particuli\u00e8rement recommand\u00e9 pour l&rsquo;utilisation de b\u00e9ton contenant de l&rsquo;air. Cette taloche manuelle en magn\u00e9sium produit une finition plus lisse que le bois. Aide \u00e0 pr\u00e9parer la surface pour la finition \u00e0 la truelle &#8211; pousse les agr\u00e9gats vers le [&hellip;]","og_url":"https:\/\/www.betontrowel.com\/fr\/product\/flotteurs-manuels-en-magnesium-a-extremite-carree-et-biseautee\/","og_site_name":"BetonTrowel","article_modified_time":"2026-01-28T14:45:40+00:00","og_image":[{"width":2560,"height":1703,"url":"https:\/\/www.betontrowel.com\/wp-content\/uploads\/2025\/08\/DSC_3500-scaled.jpg","type":"image\/jpeg"}],"twitter_card":"summary_large_image","twitter_misc":{"Dur\u00e9e de lecture estim\u00e9e":"1 minute"},"schema":{"@context":"https:\/\/schema.org","@graph":[{"@type":"WebPage","@id":"https:\/\/www.betontrowel.com\/fr\/product\/flotteurs-manuels-en-magnesium-a-extremite-carree-et-biseautee\/","url":"https:\/\/www.betontrowel.com\/fr\/product\/flotteurs-manuels-en-magnesium-a-extremite-carree-et-biseautee\/","name":"Lissueses manuels en magn\u00e9sium \u00e0 extr\u00e9mit\u00e9 carr\u00e9e et biseaut\u00e9e - BetonTrowel","isPartOf":{"@id":"https:\/\/www.betontrowel.com\/fr\/#website"},"primaryImageOfPage":{"@id":"https:\/\/www.betontrowel.com\/fr\/product\/flotteurs-manuels-en-magnesium-a-extremite-carree-et-biseautee\/#primaryimage"},"image":{"@id":"https:\/\/www.betontrowel.com\/fr\/product\/flotteurs-manuels-en-magnesium-a-extremite-carree-et-biseautee\/#primaryimage"},"thumbnailUrl":"https:\/\/www.betontrowel.com\/wp-content\/uploads\/2025\/08\/DSC_3500-scaled.jpg","datePublished":"2025-08-08T08:51:21+00:00","dateModified":"2026-01-28T14:45:40+00:00","breadcrumb":{"@id":"https:\/\/www.betontrowel.com\/fr\/product\/flotteurs-manuels-en-magnesium-a-extremite-carree-et-biseautee\/#breadcrumb"},"inLanguage":"fr-FR","potentialAction":[{"@type":"ReadAction","target":["https:\/\/www.betontrowel.com\/fr\/product\/flotteurs-manuels-en-magnesium-a-extremite-carree-et-biseautee\/"]}]},{"@type":"ImageObject","inLanguage":"fr-FR","@id":"https:\/\/www.betontrowel.com\/fr\/product\/flotteurs-manuels-en-magnesium-a-extremite-carree-et-biseautee\/#primaryimage","url":"https:\/\/www.betontrowel.com\/wp-content\/uploads\/2025\/08\/DSC_3500-scaled.jpg","contentUrl":"https:\/\/www.betontrowel.com\/wp-content\/uploads\/2025\/08\/DSC_3500-scaled.jpg","width":2560,"height":1703},{"@type":"BreadcrumbList","@id":"https:\/\/www.betontrowel.com\/fr\/product\/flotteurs-manuels-en-magnesium-a-extremite-carree-et-biseautee\/#breadcrumb","itemListElement":[{"@type":"ListItem","position":1,"name":"Home","item":"https:\/\/www.betontrowel.com\/fr\/home\/"},{"@type":"ListItem","position":2,"name":"Boutique","item":"https:\/\/www.betontrowel.com\/fr\/boutique\/"},{"@type":"ListItem","position":3,"name":"Lissueses manuels en magn\u00e9sium \u00e0 extr\u00e9mit\u00e9 carr\u00e9e et biseaut\u00e9e"}]},{"@type":"WebSite","@id":"https:\/\/www.betontrowel.com\/fr\/#website","url":"https:\/\/www.betontrowel.com\/fr\/","name":"BetonTrowel","description":"","publisher":{"@id":"https:\/\/www.betontrowel.com\/fr\/#organization"},"potentialAction":[{"@type":"SearchAction","target":{"@type":"EntryPoint","urlTemplate":"https:\/\/www.betontrowel.com\/fr\/?s={search_term_string}"},"query-input":{"@type":"PropertyValueSpecification","valueRequired":true,"valueName":"search_term_string"}}],"inLanguage":"fr-FR"},{"@type":"Organization","@id":"https:\/\/www.betontrowel.com\/fr\/#organization","name":"BetonTrowel","url":"https:\/\/www.betontrowel.com\/fr\/","logo":{"@type":"ImageObject","inLanguage":"fr-FR","@id":"https:\/\/www.betontrowel.com\/fr\/#\/schema\/logo\/image\/","url":"https:\/\/www.betontrowel.com\/wp-content\/uploads\/2022\/07\/Logo-BetonTrowel.png","contentUrl":"https:\/\/www.betontrowel.com\/wp-content\/uploads\/2022\/07\/Logo-BetonTrowel.png","width":260,"height":58,"caption":"BetonTrowel"},"image":{"@id":"https:\/\/www.betontrowel.com\/fr\/#\/schema\/logo\/image\/"}}]}},"_links":{"self":[{"href":"https:\/\/www.betontrowel.com\/fr\/wp-json\/wp\/v2\/product\/3553","targetHints":{"allow":["GET"]}}],"collection":[{"href":"https:\/\/www.betontrowel.com\/fr\/wp-json\/wp\/v2\/product"}],"about":[{"href":"https:\/\/www.betontrowel.com\/fr\/wp-json\/wp\/v2\/types\/product"}],"wp:featuredmedia":[{"embeddable":true,"href":"https:\/\/www.betontrowel.com\/fr\/wp-json\/wp\/v2\/media\/2059"}],"wp:attachment":[{"href":"https:\/\/www.betontrowel.com\/fr\/wp-json\/wp\/v2\/media?parent=3553"}],"wp:term":[{"taxonomy":"product_brand","embeddable":true,"href":"https:\/\/www.betontrowel.com\/fr\/wp-json\/wp\/v2\/product_brand?post=3553"},{"taxonomy":"product_cat","embeddable":true,"href":"https:\/\/www.betontrowel.com\/fr\/wp-json\/wp\/v2\/product_cat?post=3553"},{"taxonomy":"product_tag","embeddable":true,"href":"https:\/\/www.betontrowel.com\/fr\/wp-json\/wp\/v2\/product_tag?post=3553"}],"curies":[{"name":"wp","href":"https:\/\/api.w.org\/{rel}","templated":true}]}}