{"id":3748,"date":"2025-04-11T14:38:03","date_gmt":"2025-04-11T13:38:03","guid":{"rendered":"https:\/\/betontrowel.com\/product\/fratasadoras-bt120\/"},"modified":"2025-04-11T14:38:03","modified_gmt":"2025-04-11T13:38:03","slug":"fratasadoras-bt120","status":"publish","type":"product","link":"https:\/\/www.betontrowel.com\/es\/product\/fratasadoras-bt120\/","title":{"rendered":"Fratasadoras BT120"},"content":{"rendered":"<p>La fratasadora de conductor acompa\u00f1ante BT120 es el brazo derecho de los acabadores profesionales. Proporciona al acabador 2 \u00bd veces el rendimiento de una fratasadora de 90 cm (36\u2033) de di\u00e1metro. La combinaci\u00f3n de peso, equilibrio y longitud de la hoja proporciona un rendimiento global inigualable.  <\/p>\n<p>Las cuchillas de acabado de 18\u2033 con el uso de zapatas flotantes con clip proporcionar\u00e1n resultados muy superiores para las primeras pasadas en requisitos de suelo superplano.<\/p>\n<ul style=\"list-style-type: disc;\">\n<li>Empu\u00f1adura de tres tubos laterales soldados para mayor resistencia. todos los cables de control pasan por el interior de los tres tubos de la empu\u00f1adura para una m\u00e1xima protecci\u00f3n <\/li>\n<li>Manillar con contorno corporal para mayor control y seguridad<\/li>\n<li>Controles de parada dobles &#8211; hombre muerto y centr\u00edfugo<\/li>\n<li>Conjunto de engranaje y ara\u00f1a de ingenier\u00eda de precisi\u00f3n para una larga vida sin problemas.<\/li>\n<li>Brazos de ara\u00f1a totalmente ajustables para mantener el equilibrio exacto de la cuchilla y eliminar el bamboleo de la m\u00e1quina<\/li>\n<li>Gancho de elevaci\u00f3n de serie<\/li>\n<li>Opciones completas de cuchillas y cubetas flotantes: acabado, combinaci\u00f3n, zapatas flotantes, cuchillas de pl\u00e1stico.<\/li>\n<li>Cuchillas y bandejas est\u00e1ndar para muchas marcas conocidas de m\u00e1quinas<\/li>\n<li>36 meses de garant\u00eda para la caja de cambios y el Spider<\/li>\n<\/ul>\n<table style=\"width: 81.8036%; height: 113px;\">\n<tbody>\n<tr style=\"height: 24px;\">\n<td style=\"width: 18.1974%; height: 24px;\"><strong>Modelo<\/strong><\/td>\n<td style=\"width: 16.7403%; height: 24px;\"><strong>Di\u00e1metro de funcionamiento<\/strong><\/td>\n<td style=\"width: 47.0073%; height: 24px;\"><strong>Opciones de motor<\/strong><\/td>\n<td style=\"width: 10.6453%; height: 24px;\"><strong>Tipo de asa<\/strong><\/td>\n<td style=\"width: 102.657%; height: 24px;\"><strong>Peso<\/strong><\/td>\n<\/tr>\n<tr style=\"height: 20px;\">\n<td style=\"width: 18.1974%; height: 23px;\">BT120H270<\/td>\n<td style=\"width: 16.7403%; height: 23px;\">120 cm (48\u2033)<\/td>\n<td style=\"width: 47.0073%; height: 23px;\">Honda GX270, 9,0 CV<\/td>\n<td style=\"width: 10.6453%; height: 23px;\">Recta<\/td>\n<td style=\"width: 102.657%; height: 23px;\">110 Kg<\/td>\n<\/tr>\n<tr style=\"height: 30px;\">\n<td style=\"width: 18.1974%; height: 30px;\">BT120H390<\/td>\n<td style=\"width: 16.7403%; height: 30px;\">120 cm (48\u2033)<\/td>\n<td style=\"width: 47.0073%; height: 30px;\">Honda GX390, 13,0 CV<\/td>\n<td style=\"width: 10.6453%; height: 30px;\">Recta<\/td>\n<td style=\"width: 102.657%; height: 30px;\">113 Kg<\/td>\n<\/tr>\n<tr style=\"height: 36px;\">\n<td style=\"width: 18.1974%; height: 36px;\">BT120BTP390<\/td>\n<td style=\"width: 16.7403%; height: 36px;\">120 cm (48\u2033)<\/td>\n<td style=\"width: 47.0073%; height: 36px;\">BTP 390, 13,0 CV<\/td>\n<td style=\"width: 10.6453%; height: 36px;\">Recta<\/td>\n<td style=\"width: 102.657%; height: 36px;\">114 Kg<\/td>\n<\/tr>\n<\/tbody>\n<\/table>\n<p>&nbsp;<\/p>\n","protected":false},"excerpt":{"rendered":"<p>La fratasadora de conductor acompa\u00f1ante BT120 es el brazo derecho de los acabadores profesionales. Proporciona al acabador 2 \u00bd veces el rendimiento de una fratasadora de 90 cm (36\u2033) de di\u00e1metro. La combinaci\u00f3n de peso, equilibrio y longitud de la hoja proporciona un rendimiento global inigualable. Las cuchillas de acabado de 18\u2033 con el uso [&hellip;]<\/p>\n","protected":false},"featured_media":1584,"template":"","meta":[],"product_brand":[],"product_cat":[196,209],"product_tag":[],"class_list":{"0":"post-3748","1":"product","2":"type-product","3":"status-publish","4":"has-post-thumbnail","6":"product_cat-acabado-del-hormigon","7":"product_cat-allanadoras-con-operador-a-pie","9":"first","10":"instock","11":"shipping-taxable","12":"product-type-simple"},"yoast_head":"<!-- This site is optimized with the Yoast SEO plugin v27.0 - https:\/\/yoast.com\/product\/yoast-seo-wordpress\/ -->\n<title>Fratasadoras BT120 - BetonTrowel<\/title>\n<meta name=\"robots\" content=\"index, follow, max-snippet:-1, max-image-preview:large, max-video-preview:-1\" \/>\n<link rel=\"canonical\" href=\"https:\/\/www.betontrowel.com\/es\/product\/fratasadoras-bt120\/\" \/>\n<meta property=\"og:locale\" content=\"es_ES\" \/>\n<meta property=\"og:type\" content=\"article\" \/>\n<meta property=\"og:title\" content=\"Fratasadoras BT120 - BetonTrowel\" \/>\n<meta property=\"og:description\" content=\"La fratasadora de conductor acompa\u00f1ante BT120 es el brazo derecho de los acabadores profesionales. Proporciona al acabador 2 \u00bd veces el rendimiento de una fratasadora de 90 cm (36\u2033) de di\u00e1metro. La combinaci\u00f3n de peso, equilibrio y longitud de la hoja proporciona un rendimiento global inigualable. Las cuchillas de acabado de 18\u2033 con el uso [&hellip;]\" \/>\n<meta property=\"og:url\" content=\"https:\/\/www.betontrowel.com\/es\/product\/fratasadoras-bt120\/\" \/>\n<meta property=\"og:site_name\" content=\"BetonTrowel\" \/>\n<meta property=\"og:image\" content=\"https:\/\/www.betontrowel.com\/wp-content\/uploads\/2025\/04\/BT120H-painted-scaled.jpg\" \/>\n\t<meta property=\"og:image:width\" content=\"1920\" \/>\n\t<meta property=\"og:image:height\" content=\"2560\" \/>\n\t<meta property=\"og:image:type\" content=\"image\/jpeg\" \/>\n<meta name=\"twitter:card\" content=\"summary_large_image\" \/>\n<meta name=\"twitter:label1\" content=\"Tiempo de lectura\" \/>\n\t<meta name=\"twitter:data1\" content=\"1 minuto\" \/>\n<script type=\"application\/ld+json\" class=\"yoast-schema-graph\">{\"@context\":\"https:\/\/schema.org\",\"@graph\":[{\"@type\":\"WebPage\",\"@id\":\"https:\/\/www.betontrowel.com\/es\/product\/fratasadoras-bt120\/\",\"url\":\"https:\/\/www.betontrowel.com\/es\/product\/fratasadoras-bt120\/\",\"name\":\"Fratasadoras BT120 - BetonTrowel\",\"isPartOf\":{\"@id\":\"https:\/\/www.betontrowel.com\/es\/#website\"},\"primaryImageOfPage\":{\"@id\":\"https:\/\/www.betontrowel.com\/es\/product\/fratasadoras-bt120\/#primaryimage\"},\"image\":{\"@id\":\"https:\/\/www.betontrowel.com\/es\/product\/fratasadoras-bt120\/#primaryimage\"},\"thumbnailUrl\":\"https:\/\/www.betontrowel.com\/wp-content\/uploads\/2025\/04\/BT120H-painted-scaled.jpg\",\"datePublished\":\"2025-04-11T13:38:03+00:00\",\"breadcrumb\":{\"@id\":\"https:\/\/www.betontrowel.com\/es\/product\/fratasadoras-bt120\/#breadcrumb\"},\"inLanguage\":\"es\",\"potentialAction\":[{\"@type\":\"ReadAction\",\"target\":[\"https:\/\/www.betontrowel.com\/es\/product\/fratasadoras-bt120\/\"]}]},{\"@type\":\"ImageObject\",\"inLanguage\":\"es\",\"@id\":\"https:\/\/www.betontrowel.com\/es\/product\/fratasadoras-bt120\/#primaryimage\",\"url\":\"https:\/\/www.betontrowel.com\/wp-content\/uploads\/2025\/04\/BT120H-painted-scaled.jpg\",\"contentUrl\":\"https:\/\/www.betontrowel.com\/wp-content\/uploads\/2025\/04\/BT120H-painted-scaled.jpg\",\"width\":1920,\"height\":2560,\"caption\":\"BT120H\"},{\"@type\":\"BreadcrumbList\",\"@id\":\"https:\/\/www.betontrowel.com\/es\/product\/fratasadoras-bt120\/#breadcrumb\",\"itemListElement\":[{\"@type\":\"ListItem\",\"position\":1,\"name\":\"Home\",\"item\":\"https:\/\/www.betontrowel.com\/es\/home\/\"},{\"@type\":\"ListItem\",\"position\":2,\"name\":\"Tienda\",\"item\":\"https:\/\/www.betontrowel.com\/es\/tienda\/\"},{\"@type\":\"ListItem\",\"position\":3,\"name\":\"Fratasadoras BT120\"}]},{\"@type\":\"WebSite\",\"@id\":\"https:\/\/www.betontrowel.com\/es\/#website\",\"url\":\"https:\/\/www.betontrowel.com\/es\/\",\"name\":\"BetonTrowel\",\"description\":\"\",\"publisher\":{\"@id\":\"https:\/\/www.betontrowel.com\/es\/#organization\"},\"potentialAction\":[{\"@type\":\"SearchAction\",\"target\":{\"@type\":\"EntryPoint\",\"urlTemplate\":\"https:\/\/www.betontrowel.com\/es\/?s={search_term_string}\"},\"query-input\":{\"@type\":\"PropertyValueSpecification\",\"valueRequired\":true,\"valueName\":\"search_term_string\"}}],\"inLanguage\":\"es\"},{\"@type\":\"Organization\",\"@id\":\"https:\/\/www.betontrowel.com\/es\/#organization\",\"name\":\"BetonTrowel\",\"url\":\"https:\/\/www.betontrowel.com\/es\/\",\"logo\":{\"@type\":\"ImageObject\",\"inLanguage\":\"es\",\"@id\":\"https:\/\/www.betontrowel.com\/es\/#\/schema\/logo\/image\/\",\"url\":\"https:\/\/www.betontrowel.com\/wp-content\/uploads\/2022\/07\/Logo-BetonTrowel.png\",\"contentUrl\":\"https:\/\/www.betontrowel.com\/wp-content\/uploads\/2022\/07\/Logo-BetonTrowel.png\",\"width\":260,\"height\":58,\"caption\":\"BetonTrowel\"},\"image\":{\"@id\":\"https:\/\/www.betontrowel.com\/es\/#\/schema\/logo\/image\/\"}}]}<\/script>\n<!-- \/ Yoast SEO plugin. -->","yoast_head_json":{"title":"Fratasadoras BT120 - BetonTrowel","robots":{"index":"index","follow":"follow","max-snippet":"max-snippet:-1","max-image-preview":"max-image-preview:large","max-video-preview":"max-video-preview:-1"},"canonical":"https:\/\/www.betontrowel.com\/es\/product\/fratasadoras-bt120\/","og_locale":"es_ES","og_type":"article","og_title":"Fratasadoras BT120 - BetonTrowel","og_description":"La fratasadora de conductor acompa\u00f1ante BT120 es el brazo derecho de los acabadores profesionales. Proporciona al acabador 2 \u00bd veces el rendimiento de una fratasadora de 90 cm (36\u2033) de di\u00e1metro. La combinaci\u00f3n de peso, equilibrio y longitud de la hoja proporciona un rendimiento global inigualable. Las cuchillas de acabado de 18\u2033 con el uso [&hellip;]","og_url":"https:\/\/www.betontrowel.com\/es\/product\/fratasadoras-bt120\/","og_site_name":"BetonTrowel","og_image":[{"width":1920,"height":2560,"url":"https:\/\/www.betontrowel.com\/wp-content\/uploads\/2025\/04\/BT120H-painted-scaled.jpg","type":"image\/jpeg"}],"twitter_card":"summary_large_image","twitter_misc":{"Tiempo de lectura":"1 minuto"},"schema":{"@context":"https:\/\/schema.org","@graph":[{"@type":"WebPage","@id":"https:\/\/www.betontrowel.com\/es\/product\/fratasadoras-bt120\/","url":"https:\/\/www.betontrowel.com\/es\/product\/fratasadoras-bt120\/","name":"Fratasadoras BT120 - BetonTrowel","isPartOf":{"@id":"https:\/\/www.betontrowel.com\/es\/#website"},"primaryImageOfPage":{"@id":"https:\/\/www.betontrowel.com\/es\/product\/fratasadoras-bt120\/#primaryimage"},"image":{"@id":"https:\/\/www.betontrowel.com\/es\/product\/fratasadoras-bt120\/#primaryimage"},"thumbnailUrl":"https:\/\/www.betontrowel.com\/wp-content\/uploads\/2025\/04\/BT120H-painted-scaled.jpg","datePublished":"2025-04-11T13:38:03+00:00","breadcrumb":{"@id":"https:\/\/www.betontrowel.com\/es\/product\/fratasadoras-bt120\/#breadcrumb"},"inLanguage":"es","potentialAction":[{"@type":"ReadAction","target":["https:\/\/www.betontrowel.com\/es\/product\/fratasadoras-bt120\/"]}]},{"@type":"ImageObject","inLanguage":"es","@id":"https:\/\/www.betontrowel.com\/es\/product\/fratasadoras-bt120\/#primaryimage","url":"https:\/\/www.betontrowel.com\/wp-content\/uploads\/2025\/04\/BT120H-painted-scaled.jpg","contentUrl":"https:\/\/www.betontrowel.com\/wp-content\/uploads\/2025\/04\/BT120H-painted-scaled.jpg","width":1920,"height":2560,"caption":"BT120H"},{"@type":"BreadcrumbList","@id":"https:\/\/www.betontrowel.com\/es\/product\/fratasadoras-bt120\/#breadcrumb","itemListElement":[{"@type":"ListItem","position":1,"name":"Home","item":"https:\/\/www.betontrowel.com\/es\/home\/"},{"@type":"ListItem","position":2,"name":"Tienda","item":"https:\/\/www.betontrowel.com\/es\/tienda\/"},{"@type":"ListItem","position":3,"name":"Fratasadoras BT120"}]},{"@type":"WebSite","@id":"https:\/\/www.betontrowel.com\/es\/#website","url":"https:\/\/www.betontrowel.com\/es\/","name":"BetonTrowel","description":"","publisher":{"@id":"https:\/\/www.betontrowel.com\/es\/#organization"},"potentialAction":[{"@type":"SearchAction","target":{"@type":"EntryPoint","urlTemplate":"https:\/\/www.betontrowel.com\/es\/?s={search_term_string}"},"query-input":{"@type":"PropertyValueSpecification","valueRequired":true,"valueName":"search_term_string"}}],"inLanguage":"es"},{"@type":"Organization","@id":"https:\/\/www.betontrowel.com\/es\/#organization","name":"BetonTrowel","url":"https:\/\/www.betontrowel.com\/es\/","logo":{"@type":"ImageObject","inLanguage":"es","@id":"https:\/\/www.betontrowel.com\/es\/#\/schema\/logo\/image\/","url":"https:\/\/www.betontrowel.com\/wp-content\/uploads\/2022\/07\/Logo-BetonTrowel.png","contentUrl":"https:\/\/www.betontrowel.com\/wp-content\/uploads\/2022\/07\/Logo-BetonTrowel.png","width":260,"height":58,"caption":"BetonTrowel"},"image":{"@id":"https:\/\/www.betontrowel.com\/es\/#\/schema\/logo\/image\/"}}]}},"_links":{"self":[{"href":"https:\/\/www.betontrowel.com\/es\/wp-json\/wp\/v2\/product\/3748","targetHints":{"allow":["GET"]}}],"collection":[{"href":"https:\/\/www.betontrowel.com\/es\/wp-json\/wp\/v2\/product"}],"about":[{"href":"https:\/\/www.betontrowel.com\/es\/wp-json\/wp\/v2\/types\/product"}],"wp:featuredmedia":[{"embeddable":true,"href":"https:\/\/www.betontrowel.com\/es\/wp-json\/wp\/v2\/media\/1584"}],"wp:attachment":[{"href":"https:\/\/www.betontrowel.com\/es\/wp-json\/wp\/v2\/media?parent=3748"}],"wp:term":[{"taxonomy":"product_brand","embeddable":true,"href":"https:\/\/www.betontrowel.com\/es\/wp-json\/wp\/v2\/product_brand?post=3748"},{"taxonomy":"product_cat","embeddable":true,"href":"https:\/\/www.betontrowel.com\/es\/wp-json\/wp\/v2\/product_cat?post=3748"},{"taxonomy":"product_tag","embeddable":true,"href":"https:\/\/www.betontrowel.com\/es\/wp-json\/wp\/v2\/product_tag?post=3748"}],"curies":[{"name":"wp","href":"https:\/\/api.w.org\/{rel}","templated":true}]}}