{"id":3661,"date":"2025-08-08T09:00:19","date_gmt":"2025-08-08T08:00:19","guid":{"rendered":"https:\/\/betontrowel.com\/product\/barra-moteada-de-solado-liquido\/"},"modified":"2025-08-08T09:00:19","modified_gmt":"2025-08-08T08:00:19","slug":"barra-moteada-de-solado-liquido","status":"publish","type":"product","link":"https:\/\/www.betontrowel.com\/es\/product\/barra-moteada-de-solado-liquido\/","title":{"rendered":"Barra moteada de solado l\u00edquido"},"content":{"rendered":"<ul>\n<li>Libera las burbujas de aire y consigue un acabado liso al colocar soleras l\u00edquidas autonivelantes de flujo libre.<\/li>\n<li>Rompe ligeramente la tensi\u00f3n superficial para un acabado m\u00e1s duradero y preciso<\/li>\n<li>S\u00f3lo cuando coloques hormig\u00f3n autocompactante.<\/li>\n<\/ul>\n<table style=\"border-collapse: collapse;\">\n<tbody>\n<tr>\n<td>ART\u00cdCULO N\u00ba<\/td>\n<td>DESCRIPCI\u00d3N<\/td>\n<\/tr>\n<tr>\n<td>BTDPB0010<\/td>\n<td>BARRA DE ENRASAR L\u00cdQUIDA 900 MM<br \/>\nMONOMANDO<\/td>\n<\/tr>\n<tr>\n<td>BTDPB0020<\/td>\n<td>BARRA DE ENRASAR L\u00cdQUIDA 2000 MM<br \/>\nMANGO DOBLE DESMONTABLE<\/td>\n<\/tr>\n<tr>\n<td>BTDPB0030<\/td>\n<td>REGL\u00d3N L\u00cdQUIDO BARRA DAPPLE 3000 MM<br \/>\nMANGO DOBLE DESMONTABLE<\/td>\n<\/tr>\n<\/tbody>\n<\/table>\n","protected":false},"excerpt":{"rendered":"<p>Libera las burbujas de aire y consigue un acabado liso al colocar soleras l\u00edquidas autonivelantes de flujo libre. Rompe ligeramente la tensi\u00f3n superficial para un acabado m\u00e1s duradero y preciso S\u00f3lo cuando coloques hormig\u00f3n autocompactante. ART\u00cdCULO N\u00ba DESCRIPCI\u00d3N BTDPB0010 BARRA DE ENRASAR L\u00cdQUIDA 900 MM MONOMANDO BTDPB0020 BARRA DE ENRASAR L\u00cdQUIDA 2000 MM MANGO DOBLE [&hellip;]<\/p>\n","protected":false},"featured_media":1939,"template":"","meta":[],"product_brand":[],"product_cat":[144,142,201],"product_tag":[],"class_list":{"0":"post-3661","1":"product","2":"type-product","3":"status-publish","4":"has-post-thumbnail","6":"product_cat-herramientas-para-calzadas","7":"product_cat-herramientas-para-hormigon","8":"product_cat-liston-de-enrasar-liquido","10":"first","11":"instock","12":"shipping-taxable","13":"product-type-simple"},"yoast_head":"<!-- This site is optimized with the Yoast SEO plugin v27.0 - https:\/\/yoast.com\/product\/yoast-seo-wordpress\/ -->\n<title>Barra moteada de solado l\u00edquido - BetonTrowel<\/title>\n<meta name=\"robots\" content=\"index, follow, max-snippet:-1, max-image-preview:large, max-video-preview:-1\" \/>\n<link rel=\"canonical\" href=\"https:\/\/www.betontrowel.com\/es\/product\/barra-moteada-de-solado-liquido\/\" \/>\n<meta property=\"og:locale\" content=\"es_ES\" \/>\n<meta property=\"og:type\" content=\"article\" \/>\n<meta property=\"og:title\" content=\"Barra moteada de solado l\u00edquido - BetonTrowel\" \/>\n<meta property=\"og:description\" content=\"Libera las burbujas de aire y consigue un acabado liso al colocar soleras l\u00edquidas autonivelantes de flujo libre. Rompe ligeramente la tensi\u00f3n superficial para un acabado m\u00e1s duradero y preciso S\u00f3lo cuando coloques hormig\u00f3n autocompactante. ART\u00cdCULO N\u00ba DESCRIPCI\u00d3N BTDPB0010 BARRA DE ENRASAR L\u00cdQUIDA 900 MM MONOMANDO BTDPB0020 BARRA DE ENRASAR L\u00cdQUIDA 2000 MM MANGO DOBLE [&hellip;]\" \/>\n<meta property=\"og:url\" content=\"https:\/\/www.betontrowel.com\/es\/product\/barra-moteada-de-solado-liquido\/\" \/>\n<meta property=\"og:site_name\" content=\"BetonTrowel\" \/>\n<meta property=\"og:image\" content=\"https:\/\/www.betontrowel.com\/wp-content\/uploads\/2025\/08\/Dapple_Bar_Set-removebg-preview.jpg\" \/>\n\t<meta property=\"og:image:width\" content=\"577\" \/>\n\t<meta property=\"og:image:height\" content=\"433\" \/>\n\t<meta property=\"og:image:type\" content=\"image\/jpeg\" \/>\n<meta name=\"twitter:card\" content=\"summary_large_image\" \/>\n<script type=\"application\/ld+json\" class=\"yoast-schema-graph\">{\"@context\":\"https:\/\/schema.org\",\"@graph\":[{\"@type\":\"WebPage\",\"@id\":\"https:\/\/www.betontrowel.com\/es\/product\/barra-moteada-de-solado-liquido\/\",\"url\":\"https:\/\/www.betontrowel.com\/es\/product\/barra-moteada-de-solado-liquido\/\",\"name\":\"Barra moteada de solado l\u00edquido - BetonTrowel\",\"isPartOf\":{\"@id\":\"https:\/\/www.betontrowel.com\/es\/#website\"},\"primaryImageOfPage\":{\"@id\":\"https:\/\/www.betontrowel.com\/es\/product\/barra-moteada-de-solado-liquido\/#primaryimage\"},\"image\":{\"@id\":\"https:\/\/www.betontrowel.com\/es\/product\/barra-moteada-de-solado-liquido\/#primaryimage\"},\"thumbnailUrl\":\"https:\/\/www.betontrowel.com\/wp-content\/uploads\/2025\/08\/Dapple_Bar_Set-removebg-preview.jpg\",\"datePublished\":\"2025-08-08T08:00:19+00:00\",\"breadcrumb\":{\"@id\":\"https:\/\/www.betontrowel.com\/es\/product\/barra-moteada-de-solado-liquido\/#breadcrumb\"},\"inLanguage\":\"es\",\"potentialAction\":[{\"@type\":\"ReadAction\",\"target\":[\"https:\/\/www.betontrowel.com\/es\/product\/barra-moteada-de-solado-liquido\/\"]}]},{\"@type\":\"ImageObject\",\"inLanguage\":\"es\",\"@id\":\"https:\/\/www.betontrowel.com\/es\/product\/barra-moteada-de-solado-liquido\/#primaryimage\",\"url\":\"https:\/\/www.betontrowel.com\/wp-content\/uploads\/2025\/08\/Dapple_Bar_Set-removebg-preview.jpg\",\"contentUrl\":\"https:\/\/www.betontrowel.com\/wp-content\/uploads\/2025\/08\/Dapple_Bar_Set-removebg-preview.jpg\",\"width\":577,\"height\":433},{\"@type\":\"BreadcrumbList\",\"@id\":\"https:\/\/www.betontrowel.com\/es\/product\/barra-moteada-de-solado-liquido\/#breadcrumb\",\"itemListElement\":[{\"@type\":\"ListItem\",\"position\":1,\"name\":\"Home\",\"item\":\"https:\/\/www.betontrowel.com\/es\/home\/\"},{\"@type\":\"ListItem\",\"position\":2,\"name\":\"Tienda\",\"item\":\"https:\/\/www.betontrowel.com\/es\/tienda\/\"},{\"@type\":\"ListItem\",\"position\":3,\"name\":\"Barra moteada de solado l\u00edquido\"}]},{\"@type\":\"WebSite\",\"@id\":\"https:\/\/www.betontrowel.com\/es\/#website\",\"url\":\"https:\/\/www.betontrowel.com\/es\/\",\"name\":\"BetonTrowel\",\"description\":\"\",\"publisher\":{\"@id\":\"https:\/\/www.betontrowel.com\/es\/#organization\"},\"potentialAction\":[{\"@type\":\"SearchAction\",\"target\":{\"@type\":\"EntryPoint\",\"urlTemplate\":\"https:\/\/www.betontrowel.com\/es\/?s={search_term_string}\"},\"query-input\":{\"@type\":\"PropertyValueSpecification\",\"valueRequired\":true,\"valueName\":\"search_term_string\"}}],\"inLanguage\":\"es\"},{\"@type\":\"Organization\",\"@id\":\"https:\/\/www.betontrowel.com\/es\/#organization\",\"name\":\"BetonTrowel\",\"url\":\"https:\/\/www.betontrowel.com\/es\/\",\"logo\":{\"@type\":\"ImageObject\",\"inLanguage\":\"es\",\"@id\":\"https:\/\/www.betontrowel.com\/es\/#\/schema\/logo\/image\/\",\"url\":\"https:\/\/www.betontrowel.com\/wp-content\/uploads\/2022\/07\/Logo-BetonTrowel.png\",\"contentUrl\":\"https:\/\/www.betontrowel.com\/wp-content\/uploads\/2022\/07\/Logo-BetonTrowel.png\",\"width\":260,\"height\":58,\"caption\":\"BetonTrowel\"},\"image\":{\"@id\":\"https:\/\/www.betontrowel.com\/es\/#\/schema\/logo\/image\/\"}}]}<\/script>\n<!-- \/ Yoast SEO plugin. -->","yoast_head_json":{"title":"Barra moteada de solado l\u00edquido - BetonTrowel","robots":{"index":"index","follow":"follow","max-snippet":"max-snippet:-1","max-image-preview":"max-image-preview:large","max-video-preview":"max-video-preview:-1"},"canonical":"https:\/\/www.betontrowel.com\/es\/product\/barra-moteada-de-solado-liquido\/","og_locale":"es_ES","og_type":"article","og_title":"Barra moteada de solado l\u00edquido - BetonTrowel","og_description":"Libera las burbujas de aire y consigue un acabado liso al colocar soleras l\u00edquidas autonivelantes de flujo libre. Rompe ligeramente la tensi\u00f3n superficial para un acabado m\u00e1s duradero y preciso S\u00f3lo cuando coloques hormig\u00f3n autocompactante. ART\u00cdCULO N\u00ba DESCRIPCI\u00d3N BTDPB0010 BARRA DE ENRASAR L\u00cdQUIDA 900 MM MONOMANDO BTDPB0020 BARRA DE ENRASAR L\u00cdQUIDA 2000 MM MANGO DOBLE [&hellip;]","og_url":"https:\/\/www.betontrowel.com\/es\/product\/barra-moteada-de-solado-liquido\/","og_site_name":"BetonTrowel","og_image":[{"width":577,"height":433,"url":"https:\/\/www.betontrowel.com\/wp-content\/uploads\/2025\/08\/Dapple_Bar_Set-removebg-preview.jpg","type":"image\/jpeg"}],"twitter_card":"summary_large_image","schema":{"@context":"https:\/\/schema.org","@graph":[{"@type":"WebPage","@id":"https:\/\/www.betontrowel.com\/es\/product\/barra-moteada-de-solado-liquido\/","url":"https:\/\/www.betontrowel.com\/es\/product\/barra-moteada-de-solado-liquido\/","name":"Barra moteada de solado l\u00edquido - BetonTrowel","isPartOf":{"@id":"https:\/\/www.betontrowel.com\/es\/#website"},"primaryImageOfPage":{"@id":"https:\/\/www.betontrowel.com\/es\/product\/barra-moteada-de-solado-liquido\/#primaryimage"},"image":{"@id":"https:\/\/www.betontrowel.com\/es\/product\/barra-moteada-de-solado-liquido\/#primaryimage"},"thumbnailUrl":"https:\/\/www.betontrowel.com\/wp-content\/uploads\/2025\/08\/Dapple_Bar_Set-removebg-preview.jpg","datePublished":"2025-08-08T08:00:19+00:00","breadcrumb":{"@id":"https:\/\/www.betontrowel.com\/es\/product\/barra-moteada-de-solado-liquido\/#breadcrumb"},"inLanguage":"es","potentialAction":[{"@type":"ReadAction","target":["https:\/\/www.betontrowel.com\/es\/product\/barra-moteada-de-solado-liquido\/"]}]},{"@type":"ImageObject","inLanguage":"es","@id":"https:\/\/www.betontrowel.com\/es\/product\/barra-moteada-de-solado-liquido\/#primaryimage","url":"https:\/\/www.betontrowel.com\/wp-content\/uploads\/2025\/08\/Dapple_Bar_Set-removebg-preview.jpg","contentUrl":"https:\/\/www.betontrowel.com\/wp-content\/uploads\/2025\/08\/Dapple_Bar_Set-removebg-preview.jpg","width":577,"height":433},{"@type":"BreadcrumbList","@id":"https:\/\/www.betontrowel.com\/es\/product\/barra-moteada-de-solado-liquido\/#breadcrumb","itemListElement":[{"@type":"ListItem","position":1,"name":"Home","item":"https:\/\/www.betontrowel.com\/es\/home\/"},{"@type":"ListItem","position":2,"name":"Tienda","item":"https:\/\/www.betontrowel.com\/es\/tienda\/"},{"@type":"ListItem","position":3,"name":"Barra moteada de solado l\u00edquido"}]},{"@type":"WebSite","@id":"https:\/\/www.betontrowel.com\/es\/#website","url":"https:\/\/www.betontrowel.com\/es\/","name":"BetonTrowel","description":"","publisher":{"@id":"https:\/\/www.betontrowel.com\/es\/#organization"},"potentialAction":[{"@type":"SearchAction","target":{"@type":"EntryPoint","urlTemplate":"https:\/\/www.betontrowel.com\/es\/?s={search_term_string}"},"query-input":{"@type":"PropertyValueSpecification","valueRequired":true,"valueName":"search_term_string"}}],"inLanguage":"es"},{"@type":"Organization","@id":"https:\/\/www.betontrowel.com\/es\/#organization","name":"BetonTrowel","url":"https:\/\/www.betontrowel.com\/es\/","logo":{"@type":"ImageObject","inLanguage":"es","@id":"https:\/\/www.betontrowel.com\/es\/#\/schema\/logo\/image\/","url":"https:\/\/www.betontrowel.com\/wp-content\/uploads\/2022\/07\/Logo-BetonTrowel.png","contentUrl":"https:\/\/www.betontrowel.com\/wp-content\/uploads\/2022\/07\/Logo-BetonTrowel.png","width":260,"height":58,"caption":"BetonTrowel"},"image":{"@id":"https:\/\/www.betontrowel.com\/es\/#\/schema\/logo\/image\/"}}]}},"_links":{"self":[{"href":"https:\/\/www.betontrowel.com\/es\/wp-json\/wp\/v2\/product\/3661","targetHints":{"allow":["GET"]}}],"collection":[{"href":"https:\/\/www.betontrowel.com\/es\/wp-json\/wp\/v2\/product"}],"about":[{"href":"https:\/\/www.betontrowel.com\/es\/wp-json\/wp\/v2\/types\/product"}],"wp:featuredmedia":[{"embeddable":true,"href":"https:\/\/www.betontrowel.com\/es\/wp-json\/wp\/v2\/media\/1939"}],"wp:attachment":[{"href":"https:\/\/www.betontrowel.com\/es\/wp-json\/wp\/v2\/media?parent=3661"}],"wp:term":[{"taxonomy":"product_brand","embeddable":true,"href":"https:\/\/www.betontrowel.com\/es\/wp-json\/wp\/v2\/product_brand?post=3661"},{"taxonomy":"product_cat","embeddable":true,"href":"https:\/\/www.betontrowel.com\/es\/wp-json\/wp\/v2\/product_cat?post=3661"},{"taxonomy":"product_tag","embeddable":true,"href":"https:\/\/www.betontrowel.com\/es\/wp-json\/wp\/v2\/product_tag?post=3661"}],"curies":[{"name":"wp","href":"https:\/\/api.w.org\/{rel}","templated":true}]}}