{"id":3794,"date":"2025-08-08T09:31:43","date_gmt":"2025-08-08T08:31:43","guid":{"rendered":"https:\/\/betontrowel.com\/product\/runde-vierkantige-master-glaettekellen\/"},"modified":"2025-08-08T09:31:43","modified_gmt":"2025-08-08T08:31:43","slug":"runde-vierkantige-master-glaettekellen","status":"publish","type":"product","link":"https:\/\/www.betontrowel.com\/de\/product\/runde-vierkantige-master-glaettekellen\/","title":{"rendered":"Runde\/vierkantige Master-Gl\u00e4ttekellen"},"content":{"rendered":"<ul>\n<li>Dieses Betonbearbeitungswerkzeug besteht aus poliertem Federstahl mit hohem Kohlenstoffgehalt f\u00fcr maximale Flexibilit\u00e4t der Klinge.<\/li>\n<li>Abgeschr\u00e4gte Blattkanten verhindern das Einbrechen des Gl\u00e4tters und das Abspringen der Zuschlagstoffe<\/li>\n<li>Griffschaft aus Aluminium mit der Klinge vernietet f\u00fcr maximale St\u00e4rke<\/li>\n<li>Procomfort-Griff f\u00fcr festen Halt und stundenlangen Handkomfort<\/li>\n<\/ul>\n<table style=\"border-collapse: collapse;\">\n<tbody>\n<tr>\n<td><strong>Artikel Nr.<\/strong><\/td>\n<td><strong>Gr\u00f6\u00dfe Zoll<\/strong><\/td>\n<td><strong>Gr\u00f6\u00dfe mm<\/strong><\/td>\n<\/tr>\n<tr>\n<td>BT406P<\/td>\n<td>16\u2033 x 4\u20331\/2<\/td>\n<td>401 x 115<\/td>\n<\/tr>\n<tr>\n<td>BT457P<\/td>\n<td>18 x 4\u20331\/2<\/td>\n<td>457 x 115<\/td>\n<\/tr>\n<tr>\n<td>BT508P<\/td>\n<td>20 x 4\u20331\/2<\/td>\n<td>508 x 115<\/td>\n<\/tr>\n<tr>\n<td>BT559P<\/td>\n<td>22 x 4\u20333\/4<\/td>\n<td>559x 119<\/td>\n<\/tr>\n<\/tbody>\n<\/table>\n","protected":false},"excerpt":{"rendered":"<p>Dieses Betonbearbeitungswerkzeug besteht aus poliertem Federstahl mit hohem Kohlenstoffgehalt f\u00fcr maximale Flexibilit\u00e4t der Klinge. Abgeschr\u00e4gte Blattkanten verhindern das Einbrechen des Gl\u00e4tters und das Abspringen der Zuschlagstoffe Griffschaft aus Aluminium mit der Klinge vernietet f\u00fcr maximale St\u00e4rke Procomfort-Griff f\u00fcr festen Halt und stundenlangen Handkomfort Artikel Nr. Gr\u00f6\u00dfe Zoll Gr\u00f6\u00dfe mm BT406P 16\u2033 x 4\u20331\/2 401 x [&hellip;]<\/p>\n","protected":false},"featured_media":2023,"template":"","meta":[],"product_brand":[],"product_cat":[179,146],"product_tag":[],"class_list":{"0":"post-3794","1":"product","2":"type-product","3":"status-publish","4":"has-post-thumbnail","6":"product_cat-handwerkzeuge","7":"product_cat-werkzeuge-aus-beton","9":"first","10":"instock","11":"shipping-taxable","12":"product-type-simple"},"yoast_head":"<!-- This site is optimized with the Yoast SEO plugin v27.0 - https:\/\/yoast.com\/product\/yoast-seo-wordpress\/ -->\n<title>Runde\/vierkantige Master-Gl\u00e4ttekellen - BetonTrowel<\/title>\n<meta name=\"robots\" content=\"index, follow, max-snippet:-1, max-image-preview:large, max-video-preview:-1\" \/>\n<link rel=\"canonical\" href=\"https:\/\/www.betontrowel.com\/de\/product\/runde-vierkantige-master-glaettekellen\/\" \/>\n<meta property=\"og:locale\" content=\"de_DE\" \/>\n<meta property=\"og:type\" content=\"article\" \/>\n<meta property=\"og:title\" content=\"Runde\/vierkantige Master-Gl\u00e4ttekellen - BetonTrowel\" \/>\n<meta property=\"og:description\" content=\"Dieses Betonbearbeitungswerkzeug besteht aus poliertem Federstahl mit hohem Kohlenstoffgehalt f\u00fcr maximale Flexibilit\u00e4t der Klinge. Abgeschr\u00e4gte Blattkanten verhindern das Einbrechen des Gl\u00e4tters und das Abspringen der Zuschlagstoffe Griffschaft aus Aluminium mit der Klinge vernietet f\u00fcr maximale St\u00e4rke Procomfort-Griff f\u00fcr festen Halt und stundenlangen Handkomfort Artikel Nr. Gr\u00f6\u00dfe Zoll Gr\u00f6\u00dfe mm BT406P 16\u2033 x 4\u20331\/2 401 x [&hellip;]\" \/>\n<meta property=\"og:url\" content=\"https:\/\/www.betontrowel.com\/de\/product\/runde-vierkantige-master-glaettekellen\/\" \/>\n<meta property=\"og:site_name\" content=\"BetonTrowel\" \/>\n<meta property=\"og:image\" content=\"https:\/\/www.betontrowel.com\/wp-content\/uploads\/2025\/08\/master-square-end-trowel-bleu-1.jpg\" \/>\n\t<meta property=\"og:image:width\" content=\"800\" \/>\n\t<meta property=\"og:image:height\" content=\"293\" \/>\n\t<meta property=\"og:image:type\" content=\"image\/jpeg\" \/>\n<meta name=\"twitter:card\" content=\"summary_large_image\" \/>\n<script type=\"application\/ld+json\" class=\"yoast-schema-graph\">{\"@context\":\"https:\/\/schema.org\",\"@graph\":[{\"@type\":\"WebPage\",\"@id\":\"https:\/\/www.betontrowel.com\/de\/product\/runde-vierkantige-master-glaettekellen\/\",\"url\":\"https:\/\/www.betontrowel.com\/de\/product\/runde-vierkantige-master-glaettekellen\/\",\"name\":\"Runde\/vierkantige Master-Gl\u00e4ttekellen - BetonTrowel\",\"isPartOf\":{\"@id\":\"https:\/\/www.betontrowel.com\/de\/#website\"},\"primaryImageOfPage\":{\"@id\":\"https:\/\/www.betontrowel.com\/de\/product\/runde-vierkantige-master-glaettekellen\/#primaryimage\"},\"image\":{\"@id\":\"https:\/\/www.betontrowel.com\/de\/product\/runde-vierkantige-master-glaettekellen\/#primaryimage\"},\"thumbnailUrl\":\"https:\/\/www.betontrowel.com\/wp-content\/uploads\/2025\/08\/master-square-end-trowel-bleu-1.jpg\",\"datePublished\":\"2025-08-08T08:31:43+00:00\",\"breadcrumb\":{\"@id\":\"https:\/\/www.betontrowel.com\/de\/product\/runde-vierkantige-master-glaettekellen\/#breadcrumb\"},\"inLanguage\":\"de\",\"potentialAction\":[{\"@type\":\"ReadAction\",\"target\":[\"https:\/\/www.betontrowel.com\/de\/product\/runde-vierkantige-master-glaettekellen\/\"]}]},{\"@type\":\"ImageObject\",\"inLanguage\":\"de\",\"@id\":\"https:\/\/www.betontrowel.com\/de\/product\/runde-vierkantige-master-glaettekellen\/#primaryimage\",\"url\":\"https:\/\/www.betontrowel.com\/wp-content\/uploads\/2025\/08\/master-square-end-trowel-bleu-1.jpg\",\"contentUrl\":\"https:\/\/www.betontrowel.com\/wp-content\/uploads\/2025\/08\/master-square-end-trowel-bleu-1.jpg\",\"width\":800,\"height\":293},{\"@type\":\"BreadcrumbList\",\"@id\":\"https:\/\/www.betontrowel.com\/de\/product\/runde-vierkantige-master-glaettekellen\/#breadcrumb\",\"itemListElement\":[{\"@type\":\"ListItem\",\"position\":1,\"name\":\"Home\",\"item\":\"https:\/\/www.betontrowel.com\/de\/home\/\"},{\"@type\":\"ListItem\",\"position\":2,\"name\":\"Shop\",\"item\":\"https:\/\/www.betontrowel.com\/de\/shop\/\"},{\"@type\":\"ListItem\",\"position\":3,\"name\":\"Runde\/vierkantige Master-Gl\u00e4ttekellen\"}]},{\"@type\":\"WebSite\",\"@id\":\"https:\/\/www.betontrowel.com\/de\/#website\",\"url\":\"https:\/\/www.betontrowel.com\/de\/\",\"name\":\"BetonTrowel\",\"description\":\"\",\"publisher\":{\"@id\":\"https:\/\/www.betontrowel.com\/de\/#organization\"},\"potentialAction\":[{\"@type\":\"SearchAction\",\"target\":{\"@type\":\"EntryPoint\",\"urlTemplate\":\"https:\/\/www.betontrowel.com\/de\/?s={search_term_string}\"},\"query-input\":{\"@type\":\"PropertyValueSpecification\",\"valueRequired\":true,\"valueName\":\"search_term_string\"}}],\"inLanguage\":\"de\"},{\"@type\":\"Organization\",\"@id\":\"https:\/\/www.betontrowel.com\/de\/#organization\",\"name\":\"BetonTrowel\",\"url\":\"https:\/\/www.betontrowel.com\/de\/\",\"logo\":{\"@type\":\"ImageObject\",\"inLanguage\":\"de\",\"@id\":\"https:\/\/www.betontrowel.com\/de\/#\/schema\/logo\/image\/\",\"url\":\"https:\/\/www.betontrowel.com\/wp-content\/uploads\/2022\/07\/Logo-BetonTrowel.png\",\"contentUrl\":\"https:\/\/www.betontrowel.com\/wp-content\/uploads\/2022\/07\/Logo-BetonTrowel.png\",\"width\":260,\"height\":58,\"caption\":\"BetonTrowel\"},\"image\":{\"@id\":\"https:\/\/www.betontrowel.com\/de\/#\/schema\/logo\/image\/\"}}]}<\/script>\n<!-- \/ Yoast SEO plugin. -->","yoast_head_json":{"title":"Runde\/vierkantige Master-Gl\u00e4ttekellen - BetonTrowel","robots":{"index":"index","follow":"follow","max-snippet":"max-snippet:-1","max-image-preview":"max-image-preview:large","max-video-preview":"max-video-preview:-1"},"canonical":"https:\/\/www.betontrowel.com\/de\/product\/runde-vierkantige-master-glaettekellen\/","og_locale":"de_DE","og_type":"article","og_title":"Runde\/vierkantige Master-Gl\u00e4ttekellen - BetonTrowel","og_description":"Dieses Betonbearbeitungswerkzeug besteht aus poliertem Federstahl mit hohem Kohlenstoffgehalt f\u00fcr maximale Flexibilit\u00e4t der Klinge. Abgeschr\u00e4gte Blattkanten verhindern das Einbrechen des Gl\u00e4tters und das Abspringen der Zuschlagstoffe Griffschaft aus Aluminium mit der Klinge vernietet f\u00fcr maximale St\u00e4rke Procomfort-Griff f\u00fcr festen Halt und stundenlangen Handkomfort Artikel Nr. Gr\u00f6\u00dfe Zoll Gr\u00f6\u00dfe mm BT406P 16\u2033 x 4\u20331\/2 401 x [&hellip;]","og_url":"https:\/\/www.betontrowel.com\/de\/product\/runde-vierkantige-master-glaettekellen\/","og_site_name":"BetonTrowel","og_image":[{"width":800,"height":293,"url":"https:\/\/www.betontrowel.com\/wp-content\/uploads\/2025\/08\/master-square-end-trowel-bleu-1.jpg","type":"image\/jpeg"}],"twitter_card":"summary_large_image","schema":{"@context":"https:\/\/schema.org","@graph":[{"@type":"WebPage","@id":"https:\/\/www.betontrowel.com\/de\/product\/runde-vierkantige-master-glaettekellen\/","url":"https:\/\/www.betontrowel.com\/de\/product\/runde-vierkantige-master-glaettekellen\/","name":"Runde\/vierkantige Master-Gl\u00e4ttekellen - BetonTrowel","isPartOf":{"@id":"https:\/\/www.betontrowel.com\/de\/#website"},"primaryImageOfPage":{"@id":"https:\/\/www.betontrowel.com\/de\/product\/runde-vierkantige-master-glaettekellen\/#primaryimage"},"image":{"@id":"https:\/\/www.betontrowel.com\/de\/product\/runde-vierkantige-master-glaettekellen\/#primaryimage"},"thumbnailUrl":"https:\/\/www.betontrowel.com\/wp-content\/uploads\/2025\/08\/master-square-end-trowel-bleu-1.jpg","datePublished":"2025-08-08T08:31:43+00:00","breadcrumb":{"@id":"https:\/\/www.betontrowel.com\/de\/product\/runde-vierkantige-master-glaettekellen\/#breadcrumb"},"inLanguage":"de","potentialAction":[{"@type":"ReadAction","target":["https:\/\/www.betontrowel.com\/de\/product\/runde-vierkantige-master-glaettekellen\/"]}]},{"@type":"ImageObject","inLanguage":"de","@id":"https:\/\/www.betontrowel.com\/de\/product\/runde-vierkantige-master-glaettekellen\/#primaryimage","url":"https:\/\/www.betontrowel.com\/wp-content\/uploads\/2025\/08\/master-square-end-trowel-bleu-1.jpg","contentUrl":"https:\/\/www.betontrowel.com\/wp-content\/uploads\/2025\/08\/master-square-end-trowel-bleu-1.jpg","width":800,"height":293},{"@type":"BreadcrumbList","@id":"https:\/\/www.betontrowel.com\/de\/product\/runde-vierkantige-master-glaettekellen\/#breadcrumb","itemListElement":[{"@type":"ListItem","position":1,"name":"Home","item":"https:\/\/www.betontrowel.com\/de\/home\/"},{"@type":"ListItem","position":2,"name":"Shop","item":"https:\/\/www.betontrowel.com\/de\/shop\/"},{"@type":"ListItem","position":3,"name":"Runde\/vierkantige Master-Gl\u00e4ttekellen"}]},{"@type":"WebSite","@id":"https:\/\/www.betontrowel.com\/de\/#website","url":"https:\/\/www.betontrowel.com\/de\/","name":"BetonTrowel","description":"","publisher":{"@id":"https:\/\/www.betontrowel.com\/de\/#organization"},"potentialAction":[{"@type":"SearchAction","target":{"@type":"EntryPoint","urlTemplate":"https:\/\/www.betontrowel.com\/de\/?s={search_term_string}"},"query-input":{"@type":"PropertyValueSpecification","valueRequired":true,"valueName":"search_term_string"}}],"inLanguage":"de"},{"@type":"Organization","@id":"https:\/\/www.betontrowel.com\/de\/#organization","name":"BetonTrowel","url":"https:\/\/www.betontrowel.com\/de\/","logo":{"@type":"ImageObject","inLanguage":"de","@id":"https:\/\/www.betontrowel.com\/de\/#\/schema\/logo\/image\/","url":"https:\/\/www.betontrowel.com\/wp-content\/uploads\/2022\/07\/Logo-BetonTrowel.png","contentUrl":"https:\/\/www.betontrowel.com\/wp-content\/uploads\/2022\/07\/Logo-BetonTrowel.png","width":260,"height":58,"caption":"BetonTrowel"},"image":{"@id":"https:\/\/www.betontrowel.com\/de\/#\/schema\/logo\/image\/"}}]}},"_links":{"self":[{"href":"https:\/\/www.betontrowel.com\/de\/wp-json\/wp\/v2\/product\/3794","targetHints":{"allow":["GET"]}}],"collection":[{"href":"https:\/\/www.betontrowel.com\/de\/wp-json\/wp\/v2\/product"}],"about":[{"href":"https:\/\/www.betontrowel.com\/de\/wp-json\/wp\/v2\/types\/product"}],"wp:featuredmedia":[{"embeddable":true,"href":"https:\/\/www.betontrowel.com\/de\/wp-json\/wp\/v2\/media\/2023"}],"wp:attachment":[{"href":"https:\/\/www.betontrowel.com\/de\/wp-json\/wp\/v2\/media?parent=3794"}],"wp:term":[{"taxonomy":"product_brand","embeddable":true,"href":"https:\/\/www.betontrowel.com\/de\/wp-json\/wp\/v2\/product_brand?post=3794"},{"taxonomy":"product_cat","embeddable":true,"href":"https:\/\/www.betontrowel.com\/de\/wp-json\/wp\/v2\/product_cat?post=3794"},{"taxonomy":"product_tag","embeddable":true,"href":"https:\/\/www.betontrowel.com\/de\/wp-json\/wp\/v2\/product_tag?post=3794"}],"curies":[{"name":"wp","href":"https:\/\/api.w.org\/{rel}","templated":true}]}}